{"id":419,"date":"2024-01-06T23:03:12","date_gmt":"2024-01-06T23:03:12","guid":{"rendered":"https:\/\/terentv.com\/?page_id=419"},"modified":"2024-01-06T23:10:03","modified_gmt":"2024-01-06T23:10:03","slug":"politique-de-confidentialite","status":"publish","type":"page","link":"https:\/\/terentv.com\/france\/politique-de-confidentialite\/","title":{"rendered":"Politique de confidentialit\u00e9"},"content":{"rendered":"\t\t<div data-elementor-type=\"wp-page\" data-elementor-id=\"419\" class=\"elementor elementor-419\">\n\t\t\t\t\t\t<section class=\"elementor-section elementor-top-section elementor-element elementor-element-7aaaaf3 elementor-reverse-mobile elementor-section-boxed elementor-section-height-default elementor-section-height-default e-parent\" data-id=\"7aaaaf3\" data-element_type=\"section\" data-e-type=\"section\" data-settings=\"{&quot;background_background&quot;:&quot;classic&quot;}\">\n\t\t\t\t\t\t<div class=\"elementor-container elementor-column-gap-default\">\n\t\t\t\t\t<div class=\"elementor-column elementor-col-100 elementor-top-column elementor-element elementor-element-58ddecd5 lakit-col-width-auto-no\" data-id=\"58ddecd5\" data-element_type=\"column\" data-e-type=\"column\">\n\t\t\t<div class=\"elementor-widget-wrap elementor-element-populated\">\n\t\t\t\t\t\t<div class=\"elementor-element elementor-element-1a0fe3ec elementor-invisible elementor-widget elementor-widget-heading\" data-id=\"1a0fe3ec\" data-element_type=\"widget\" data-e-type=\"widget\" data-settings=\"{&quot;_animation&quot;:&quot;fadeInUp&quot;}\" data-widget_type=\"heading.default\">\n\t\t\t\t<div class=\"elementor-widget-container\">\n\t\t\t\t\t<h1 class=\"elementor-heading-title elementor-size-default\">Politique de confidentialit\u00e9<\/h1>\t\t\t\t<\/div>\n\t\t\t\t<\/div>\n\t\t\t\t<div class=\"elementor-element elementor-element-f2e0444 elementor-widget__width-initial elementor-absolute e-transform elementor-invisible elementor-widget elementor-widget-image\" data-id=\"f2e0444\" data-element_type=\"widget\" data-e-type=\"widget\" data-settings=\"{&quot;_position&quot;:&quot;absolute&quot;,&quot;_transform_rotateZ_effect&quot;:{&quot;unit&quot;:&quot;px&quot;,&quot;size&quot;:-5,&quot;sizes&quot;:[]},&quot;_animation&quot;:&quot;fadeIn&quot;,&quot;_transform_rotateZ_effect_widescreen&quot;:{&quot;unit&quot;:&quot;deg&quot;,&quot;size&quot;:&quot;&quot;,&quot;sizes&quot;:[]},&quot;_transform_rotateZ_effect_tablet&quot;:{&quot;unit&quot;:&quot;deg&quot;,&quot;size&quot;:&quot;&quot;,&quot;sizes&quot;:[]},&quot;_transform_rotateZ_effect_mobile&quot;:{&quot;unit&quot;:&quot;deg&quot;,&quot;size&quot;:&quot;&quot;,&quot;sizes&quot;:[]}}\" data-widget_type=\"image.default\">\n\t\t\t\t<div class=\"elementor-widget-container\">\n\t\t\t\t\t\t\t\t\t\t\t\t\t\t\t<img fetchpriority=\"high\" decoding=\"async\" width=\"1500\" height=\"449\" src=\"https:\/\/terentv.com\/wp-content\/uploads\/2024\/01\/wave2.png\" class=\"attachment-full size-full wp-image-21\" alt=\"\" srcset=\"https:\/\/terentv.com\/wp-content\/uploads\/2024\/01\/wave2.png 1500w, https:\/\/terentv.com\/wp-content\/uploads\/2024\/01\/wave2-300x90.png 300w, https:\/\/terentv.com\/wp-content\/uploads\/2024\/01\/wave2-1024x307.png 1024w, https:\/\/terentv.com\/wp-content\/uploads\/2024\/01\/wave2-768x230.png 768w\" sizes=\"(max-width: 1500px) 100vw, 1500px\" \/>\t\t\t\t\t\t\t\t\t\t\t\t\t\t\t<\/div>\n\t\t\t\t<\/div>\n\t\t\t\t\t<\/div>\n\t\t<\/div>\n\t\t\t\t\t<\/div>\n\t\t<\/section>\n\t\t\t\t<section class=\"elementor-section elementor-top-section elementor-element elementor-element-2eef1088 elementor-section-boxed elementor-section-height-default elementor-section-height-default e-parent\" data-id=\"2eef1088\" data-element_type=\"section\" data-e-type=\"section\">\n\t\t\t\t\t\t<div class=\"elementor-container elementor-column-gap-default\">\n\t\t\t\t\t<div class=\"elementor-column elementor-col-100 elementor-top-column elementor-element elementor-element-7298f90a lakit-col-width-auto-no\" data-id=\"7298f90a\" data-element_type=\"column\" data-e-type=\"column\">\n\t\t\t<div class=\"elementor-widget-wrap elementor-element-populated\">\n\t\t\t\t\t\t<div class=\"elementor-element elementor-element-695d0278 elementor-drop-cap-yes elementor-drop-cap-view-default elementor-invisible elementor-widget elementor-widget-text-editor\" data-id=\"695d0278\" data-element_type=\"widget\" data-e-type=\"widget\" data-settings=\"{&quot;_animation&quot;:&quot;fadeInUp&quot;,&quot;drop_cap&quot;:&quot;yes&quot;}\" data-widget_type=\"text-editor.default\">\n\t\t\t\t<div class=\"elementor-widget-container\">\n\t\t\t\t\t\t\t\t\t<div class=\"elementor-element elementor-element-1980cd02 elementor-widget elementor-widget-heading\" data-id=\"1980cd02\" data-element_type=\"widget\" data-widget_type=\"heading.default\"><div class=\"elementor-widget-container\"><h1 class=\"elementor-heading-title elementor-size-default\">Qui Sommes-Nous ?<\/h1><p>\u00a0<\/p><p>L&#8217;adresse de notre site est : https:\/\/terentv.com.<\/p><\/div><\/div><div class=\"elementor-element elementor-element-29cb0ac elementor-widget elementor-widget-text-editor\" data-id=\"29cb0ac\" data-element_type=\"widget\" data-widget_type=\"text-editor.default\"><div class=\"elementor-widget-container\">\u00a0<\/div><\/div><div class=\"elementor-element elementor-element-1ffc3c9 elementor-widget elementor-widget-heading\" data-id=\"1ffc3c9\" data-element_type=\"widget\" data-widget_type=\"heading.default\"><div class=\"elementor-widget-container\"><h2 class=\"elementor-heading-title elementor-size-default\">Commentaires<\/h2><\/div><\/div><div class=\"elementor-element elementor-element-2f81e616 elementor-widget elementor-widget-text-editor\" data-id=\"2f81e616\" data-element_type=\"widget\" data-widget_type=\"text-editor.default\"><div class=\"elementor-widget-container\"><p>Quand vous laissez un commentaire sur notre site, les donn\u00e9es inscrites dans le formulaire de commentaire, ainsi que votre adresse IP et l\u2019agent utilisateur de votre navigateur sont collect\u00e9s pour nous aider \u00e0 la d\u00e9tection des commentaires ind\u00e9sirables.<\/p><p>Une cha\u00eene anonymis\u00e9e cr\u00e9\u00e9e \u00e0 partir de votre adresse e-mail (\u00e9galement appel\u00e9e hash) peut \u00eatre envoy\u00e9e au service Gravatar pour v\u00e9rifier si vous utilisez ce dernier. Les clauses de confidentialit\u00e9 du service Gravatar sont disponibles ici\u00a0: https:\/\/automattic.com\/privacy\/. Apr\u00e8s validation de votre commentaire, votre photo de profil sera visible publiquement \u00e0 cot\u00e9 de votre commentaire.<\/p><p>\u00a0<\/p><\/div><\/div><div class=\"elementor-element elementor-element-340b4d3 elementor-widget elementor-widget-heading\" data-id=\"340b4d3\" data-element_type=\"widget\" data-widget_type=\"heading.default\"><div class=\"elementor-widget-container\"><h2 class=\"elementor-heading-title elementor-size-default\">M\u00e9dias<\/h2><\/div><\/div><div class=\"elementor-element elementor-element-e7b7359 elementor-widget elementor-widget-text-editor\" data-id=\"e7b7359\" data-element_type=\"widget\" data-widget_type=\"text-editor.default\"><div class=\"elementor-widget-container\"><p>Si vous t\u00e9l\u00e9versez des images sur le site, nous vous conseillons d\u2019\u00e9viter de t\u00e9l\u00e9verser des images contenant des donn\u00e9es EXIF de coordonn\u00e9es GPS. Les personnes visitant votre site peuvent t\u00e9l\u00e9charger et extraire des donn\u00e9es de localisation depuis ces images.<\/p><p>\u00a0<\/p><\/div><\/div><div class=\"elementor-element elementor-element-6dd58c2 elementor-widget elementor-widget-heading\" data-id=\"6dd58c2\" data-element_type=\"widget\" data-widget_type=\"heading.default\"><div class=\"elementor-widget-container\"><h2 class=\"elementor-heading-title elementor-size-default\">Cookies<\/h2><\/div><\/div><div class=\"elementor-element elementor-element-4fb16c9 elementor-widget elementor-widget-text-editor\" data-id=\"4fb16c9\" data-element_type=\"widget\" data-widget_type=\"text-editor.default\"><div class=\"elementor-widget-container\"><p>Si vous d\u00e9posez un commentaire sur notre site, il vous sera propos\u00e9 d\u2019enregistrer votre nom, adresse e-mail et site dans des cookies. C\u2019est uniquement pour votre confort afin de ne pas avoir \u00e0 saisir ces informations si vous d\u00e9posez un autre commentaire plus tard. Ces cookies expirent au bout d\u2019un an.<\/p><p>Si vous vous rendez sur la page de connexion, un cookie temporaire sera cr\u00e9\u00e9 afin de d\u00e9terminer si votre navigateur accepte les cookies. Il ne contient pas de donn\u00e9es personnelles et sera supprim\u00e9 automatiquement \u00e0 la fermeture de votre navigateur.<\/p><p>Lorsque vous vous connecterez, nous mettrons en place un certain nombre de cookies pour enregistrer vos informations de connexion et vos pr\u00e9f\u00e9rences d\u2019\u00e9cran. La dur\u00e9e de vie d\u2019un cookie de connexion est de deux jours, celle d\u2019un cookie d\u2019option d\u2019\u00e9cran est d\u2019un an. Si vous cochez \u00ab\u00a0Se souvenir de moi\u00a0\u00bb, votre cookie de connexion sera conserv\u00e9 pendant deux semaines. Si vous vous d\u00e9connectez de votre compte, le cookie de connexion sera effac\u00e9.<\/p><p>En modifiant ou en publiant une publication, un cookie suppl\u00e9mentaire sera enregistr\u00e9 dans votre navigateur. Ce cookie ne comprend aucune donn\u00e9e personnelle. Il indique simplement l\u2019ID de la publication que vous venez de modifier. Il expire au bout d\u2019un jour.<\/p><p>\u00a0<\/p><\/div><\/div><div class=\"elementor-element elementor-element-cfe0a7c elementor-widget elementor-widget-heading\" data-id=\"cfe0a7c\" data-element_type=\"widget\" data-widget_type=\"heading.default\"><div class=\"elementor-widget-container\"><h2 class=\"elementor-heading-title elementor-size-default\">Contenu Embarqu\u00e9 Depuis D\u2019autres Sites<\/h2><\/div><\/div><div class=\"elementor-element elementor-element-383b903 elementor-widget elementor-widget-text-editor\" data-id=\"383b903\" data-element_type=\"widget\" data-widget_type=\"text-editor.default\"><div class=\"elementor-widget-container\"><p>Les articles de ce site peuvent inclure des contenus int\u00e9gr\u00e9s (par exemple des vid\u00e9os, images, articles\u2026). Le contenu int\u00e9gr\u00e9 depuis d\u2019autres sites se comporte de la m\u00eame mani\u00e8re que si le visiteur se rendait sur cet autre site.<\/p><p>Ces sites web pourraient collecter des donn\u00e9es sur vous, utiliser des cookies, embarquer des outils de suivis tiers, suivre vos interactions avec ces contenus embarqu\u00e9s si vous disposez d\u2019un compte connect\u00e9 sur leur site web.<\/p><p>\u00a0<\/p><\/div><\/div><div class=\"elementor-element elementor-element-c27b32d elementor-widget elementor-widget-heading\" data-id=\"c27b32d\" data-element_type=\"widget\" data-widget_type=\"heading.default\"><div class=\"elementor-widget-container\"><h2 class=\"elementor-heading-title elementor-size-default\">Utilisation Et Transmission De Vos Donn\u00e9es Personnelles<\/h2><\/div><\/div><div class=\"elementor-element elementor-element-aed1680 elementor-widget elementor-widget-text-editor\" data-id=\"aed1680\" data-element_type=\"widget\" data-widget_type=\"text-editor.default\"><div class=\"elementor-widget-container\"><p>Si vous demandez une r\u00e9initialisation de votre mot de passe, votre adresse IP sera incluse dans l\u2019e-mail de r\u00e9initialisation.<\/p><p>\u00a0<\/p><\/div><\/div><div class=\"elementor-element elementor-element-0394054 elementor-widget elementor-widget-heading\" data-id=\"0394054\" data-element_type=\"widget\" data-widget_type=\"heading.default\"><div class=\"elementor-widget-container\"><h2 class=\"elementor-heading-title elementor-size-default\">Dur\u00e9es De Stockage De Vos Donn\u00e9es<\/h2><\/div><\/div><div class=\"elementor-element elementor-element-c9b1716 elementor-widget elementor-widget-text-editor\" data-id=\"c9b1716\" data-element_type=\"widget\" data-widget_type=\"text-editor.default\"><div class=\"elementor-widget-container\"><p>Si vous laissez un commentaire, le commentaire et ses m\u00e9tadonn\u00e9es sont conserv\u00e9s ind\u00e9finiment. Cela permet de reconna\u00eetre et approuver automatiquement les commentaires suivants au lieu de les laisser dans la file de mod\u00e9ration.<\/p><p>Pour les comptes qui s\u2019inscrivent sur notre site (le cas \u00e9ch\u00e9ant), nous stockons \u00e9galement les donn\u00e9es personnelles indiqu\u00e9es dans leur profil. Tous les comptes peuvent voir, modifier ou supprimer leurs informations personnelles \u00e0 tout moment (\u00e0 l\u2019exception de leur identifiant). Les gestionnaires du site peuvent aussi voir et modifier ces informations.<\/p><p>\u00a0<\/p><\/div><\/div><div class=\"elementor-element elementor-element-97fa6d5 elementor-widget elementor-widget-heading\" data-id=\"97fa6d5\" data-element_type=\"widget\" data-widget_type=\"heading.default\"><div class=\"elementor-widget-container\"><h2 class=\"elementor-heading-title elementor-size-default\">Les Droits Que Vous Avez Sur Vos Donn\u00e9es<\/h2><\/div><\/div><div class=\"elementor-element elementor-element-c31825d elementor-widget elementor-widget-text-editor\" data-id=\"c31825d\" data-element_type=\"widget\" data-widget_type=\"text-editor.default\"><div class=\"elementor-widget-container\"><p>Si vous avez un compte ou si vous avez laiss\u00e9 des commentaires sur le site, vous pouvez demander \u00e0 recevoir un fichier contenant toutes les donn\u00e9es personnelles que nous poss\u00e9dons \u00e0 votre sujet, incluant celles que vous nous avez fournies. Vous pouvez \u00e9galement demander la suppression des donn\u00e9es personnelles vous concernant. Cela ne prend pas en compte les donn\u00e9es stock\u00e9es \u00e0 des fins administratives, l\u00e9gales ou pour des raisons de s\u00e9curit\u00e9.<\/p><p>\u00a0<\/p><\/div><\/div><div class=\"elementor-element elementor-element-78dc78e elementor-widget elementor-widget-heading\" data-id=\"78dc78e\" data-element_type=\"widget\" data-widget_type=\"heading.default\"><div class=\"elementor-widget-container\"><h2 class=\"elementor-heading-title elementor-size-default\">O\u00f9 Vos Donn\u00e9es Sont Envoy\u00e9es<\/h2><\/div><\/div><div class=\"elementor-element elementor-element-16dd96c elementor-widget elementor-widget-text-editor\" data-id=\"16dd96c\" data-element_type=\"widget\" data-widget_type=\"text-editor.default\"><div class=\"elementor-widget-container\"><p>Les commentaires des visiteurs peuvent \u00eatre v\u00e9rifi\u00e9s \u00e0 l\u2019aide d\u2019un service automatis\u00e9 de d\u00e9tection des commentaires ind\u00e9sirables.<\/p><\/div><\/div>\t\t\t\t\t\t\t\t<\/div>\n\t\t\t\t<\/div>\n\t\t\t\t\t<\/div>\n\t\t<\/div>\n\t\t\t\t\t<\/div>\n\t\t<\/section>\n\t\t\t\t<\/div>\n\t\t","protected":false},"excerpt":{"rendered":"<p>Politique de confidentialit\u00e9 Qui Sommes-Nous ? \u00a0 L&#8217;adresse de notre site est : https:\/\/terentv.com. \u00a0 Commentaires Quand vous laissez un commentaire sur notre site, les donn\u00e9es inscrites dans le formulaire de commentaire, ainsi que votre adresse IP et l\u2019agent utilisateur de votre navigateur sont collect\u00e9s pour nous aider \u00e0 la d\u00e9tection des commentaires ind\u00e9sirables. Une [&hellip;]<\/p>\n","protected":false},"author":1,"featured_media":0,"parent":0,"menu_order":0,"comment_status":"closed","ping_status":"closed","template":"elementor_header_footer","meta":{"_joinchat":[],"footnotes":""},"class_list":["post-419","page","type-page","status-publish","hentry"],"yoast_head":"<!-- This site is optimized with the Yoast SEO plugin v27.5 - https:\/\/yoast.com\/product\/yoast-seo-wordpress\/ -->\n<title>Politique de confidentialit\u00e9 - Terentv<\/title>\n<meta name=\"robots\" content=\"index, follow, max-snippet:-1, max-image-preview:large, max-video-preview:-1\" \/>\n<link rel=\"canonical\" href=\"https:\/\/terentv.com\/france\/politique-de-confidentialite\/\" \/>\n<meta property=\"og:locale\" content=\"en_US\" \/>\n<meta property=\"og:type\" content=\"article\" \/>\n<meta property=\"og:title\" content=\"Politique de confidentialit\u00e9 - Terentv\" \/>\n<meta property=\"og:description\" content=\"Politique de confidentialit\u00e9 Qui Sommes-Nous ? \u00a0 L&#8217;adresse de notre site est : https:\/\/terentv.com. \u00a0 Commentaires Quand vous laissez un commentaire sur notre site, les donn\u00e9es inscrites dans le formulaire de commentaire, ainsi que votre adresse IP et l\u2019agent utilisateur de votre navigateur sont collect\u00e9s pour nous aider \u00e0 la d\u00e9tection des commentaires ind\u00e9sirables. Une [&hellip;]\" \/>\n<meta property=\"og:url\" content=\"https:\/\/terentv.com\/france\/politique-de-confidentialite\/\" \/>\n<meta property=\"og:site_name\" content=\"Terentv\" \/>\n<meta property=\"article:modified_time\" content=\"2024-01-06T23:10:03+00:00\" \/>\n<meta property=\"og:image\" content=\"https:\/\/terentv.com\/wp-content\/uploads\/2024\/01\/wave2.png\" \/>\n<meta name=\"twitter:card\" content=\"summary_large_image\" \/>\n<meta name=\"twitter:label1\" content=\"Est. reading time\" \/>\n\t<meta name=\"twitter:data1\" content=\"7 minutes\" \/>\n<script type=\"application\/ld+json\" class=\"yoast-schema-graph\">{\"@context\":\"https:\\\/\\\/schema.org\",\"@graph\":[{\"@type\":\"WebPage\",\"@id\":\"https:\\\/\\\/terentv.com\\\/france\\\/politique-de-confidentialite\\\/\",\"url\":\"https:\\\/\\\/terentv.com\\\/france\\\/politique-de-confidentialite\\\/\",\"name\":\"Politique de confidentialit\u00e9 - Terentv\",\"isPartOf\":{\"@id\":\"https:\\\/\\\/terentv.com\\\/france\\\/#website\"},\"primaryImageOfPage\":{\"@id\":\"https:\\\/\\\/terentv.com\\\/france\\\/politique-de-confidentialite\\\/#primaryimage\"},\"image\":{\"@id\":\"https:\\\/\\\/terentv.com\\\/france\\\/politique-de-confidentialite\\\/#primaryimage\"},\"thumbnailUrl\":\"https:\\\/\\\/terentv.com\\\/wp-content\\\/uploads\\\/2024\\\/01\\\/wave2.png\",\"datePublished\":\"2024-01-06T23:03:12+00:00\",\"dateModified\":\"2024-01-06T23:10:03+00:00\",\"breadcrumb\":{\"@id\":\"https:\\\/\\\/terentv.com\\\/france\\\/politique-de-confidentialite\\\/#breadcrumb\"},\"inLanguage\":\"en-US\",\"potentialAction\":[{\"@type\":\"ReadAction\",\"target\":[\"https:\\\/\\\/terentv.com\\\/france\\\/politique-de-confidentialite\\\/\"]}]},{\"@type\":\"ImageObject\",\"inLanguage\":\"en-US\",\"@id\":\"https:\\\/\\\/terentv.com\\\/france\\\/politique-de-confidentialite\\\/#primaryimage\",\"url\":\"https:\\\/\\\/terentv.com\\\/wp-content\\\/uploads\\\/2024\\\/01\\\/wave2.png\",\"contentUrl\":\"https:\\\/\\\/terentv.com\\\/wp-content\\\/uploads\\\/2024\\\/01\\\/wave2.png\"},{\"@type\":\"BreadcrumbList\",\"@id\":\"https:\\\/\\\/terentv.com\\\/france\\\/politique-de-confidentialite\\\/#breadcrumb\",\"itemListElement\":[{\"@type\":\"ListItem\",\"position\":1,\"name\":\"Accueil\",\"item\":\"https:\\\/\\\/terentv.com\\\/france\\\/\"},{\"@type\":\"ListItem\",\"position\":2,\"name\":\"Politique de confidentialit\u00e9\"}]},{\"@type\":\"WebSite\",\"@id\":\"https:\\\/\\\/terentv.com\\\/france\\\/#website\",\"url\":\"https:\\\/\\\/terentv.com\\\/france\\\/\",\"name\":\"Terentv\",\"description\":\"Teren TV Meilleur Abonnement IPTV Premium\",\"publisher\":{\"@id\":\"https:\\\/\\\/terentv.com\\\/france\\\/#organization\"},\"potentialAction\":[{\"@type\":\"SearchAction\",\"target\":{\"@type\":\"EntryPoint\",\"urlTemplate\":\"https:\\\/\\\/terentv.com\\\/france\\\/?s={search_term_string}\"},\"query-input\":{\"@type\":\"PropertyValueSpecification\",\"valueRequired\":true,\"valueName\":\"search_term_string\"}}],\"inLanguage\":\"en-US\"},{\"@type\":\"Organization\",\"@id\":\"https:\\\/\\\/terentv.com\\\/france\\\/#organization\",\"name\":\"Terentv\",\"url\":\"https:\\\/\\\/terentv.com\\\/france\\\/\",\"logo\":{\"@type\":\"ImageObject\",\"inLanguage\":\"en-US\",\"@id\":\"https:\\\/\\\/terentv.com\\\/france\\\/#\\\/schema\\\/logo\\\/image\\\/\",\"url\":\"https:\\\/\\\/terentv.com\\\/wp-content\\\/uploads\\\/2024\\\/01\\\/Logo-1.png\",\"contentUrl\":\"https:\\\/\\\/terentv.com\\\/wp-content\\\/uploads\\\/2024\\\/01\\\/Logo-1.png\",\"width\":421,\"height\":80,\"caption\":\"Terentv\"},\"image\":{\"@id\":\"https:\\\/\\\/terentv.com\\\/france\\\/#\\\/schema\\\/logo\\\/image\\\/\"}}]}<\/script>\n<!-- \/ Yoast SEO plugin. -->","yoast_head_json":{"title":"Politique de confidentialit\u00e9 - Terentv","robots":{"index":"index","follow":"follow","max-snippet":"max-snippet:-1","max-image-preview":"max-image-preview:large","max-video-preview":"max-video-preview:-1"},"canonical":"https:\/\/terentv.com\/france\/politique-de-confidentialite\/","og_locale":"en_US","og_type":"article","og_title":"Politique de confidentialit\u00e9 - Terentv","og_description":"Politique de confidentialit\u00e9 Qui Sommes-Nous ? \u00a0 L&#8217;adresse de notre site est : https:\/\/terentv.com. \u00a0 Commentaires Quand vous laissez un commentaire sur notre site, les donn\u00e9es inscrites dans le formulaire de commentaire, ainsi que votre adresse IP et l\u2019agent utilisateur de votre navigateur sont collect\u00e9s pour nous aider \u00e0 la d\u00e9tection des commentaires ind\u00e9sirables. Une [&hellip;]","og_url":"https:\/\/terentv.com\/france\/politique-de-confidentialite\/","og_site_name":"Terentv","article_modified_time":"2024-01-06T23:10:03+00:00","og_image":[{"url":"https:\/\/terentv.com\/wp-content\/uploads\/2024\/01\/wave2.png","type":"","width":"","height":""}],"twitter_card":"summary_large_image","twitter_misc":{"Est. reading time":"7 minutes"},"schema":{"@context":"https:\/\/schema.org","@graph":[{"@type":"WebPage","@id":"https:\/\/terentv.com\/france\/politique-de-confidentialite\/","url":"https:\/\/terentv.com\/france\/politique-de-confidentialite\/","name":"Politique de confidentialit\u00e9 - Terentv","isPartOf":{"@id":"https:\/\/terentv.com\/france\/#website"},"primaryImageOfPage":{"@id":"https:\/\/terentv.com\/france\/politique-de-confidentialite\/#primaryimage"},"image":{"@id":"https:\/\/terentv.com\/france\/politique-de-confidentialite\/#primaryimage"},"thumbnailUrl":"https:\/\/terentv.com\/wp-content\/uploads\/2024\/01\/wave2.png","datePublished":"2024-01-06T23:03:12+00:00","dateModified":"2024-01-06T23:10:03+00:00","breadcrumb":{"@id":"https:\/\/terentv.com\/france\/politique-de-confidentialite\/#breadcrumb"},"inLanguage":"en-US","potentialAction":[{"@type":"ReadAction","target":["https:\/\/terentv.com\/france\/politique-de-confidentialite\/"]}]},{"@type":"ImageObject","inLanguage":"en-US","@id":"https:\/\/terentv.com\/france\/politique-de-confidentialite\/#primaryimage","url":"https:\/\/terentv.com\/wp-content\/uploads\/2024\/01\/wave2.png","contentUrl":"https:\/\/terentv.com\/wp-content\/uploads\/2024\/01\/wave2.png"},{"@type":"BreadcrumbList","@id":"https:\/\/terentv.com\/france\/politique-de-confidentialite\/#breadcrumb","itemListElement":[{"@type":"ListItem","position":1,"name":"Accueil","item":"https:\/\/terentv.com\/france\/"},{"@type":"ListItem","position":2,"name":"Politique de confidentialit\u00e9"}]},{"@type":"WebSite","@id":"https:\/\/terentv.com\/france\/#website","url":"https:\/\/terentv.com\/france\/","name":"Terentv","description":"Teren TV Meilleur Abonnement IPTV Premium","publisher":{"@id":"https:\/\/terentv.com\/france\/#organization"},"potentialAction":[{"@type":"SearchAction","target":{"@type":"EntryPoint","urlTemplate":"https:\/\/terentv.com\/france\/?s={search_term_string}"},"query-input":{"@type":"PropertyValueSpecification","valueRequired":true,"valueName":"search_term_string"}}],"inLanguage":"en-US"},{"@type":"Organization","@id":"https:\/\/terentv.com\/france\/#organization","name":"Terentv","url":"https:\/\/terentv.com\/france\/","logo":{"@type":"ImageObject","inLanguage":"en-US","@id":"https:\/\/terentv.com\/france\/#\/schema\/logo\/image\/","url":"https:\/\/terentv.com\/wp-content\/uploads\/2024\/01\/Logo-1.png","contentUrl":"https:\/\/terentv.com\/wp-content\/uploads\/2024\/01\/Logo-1.png","width":421,"height":80,"caption":"Terentv"},"image":{"@id":"https:\/\/terentv.com\/france\/#\/schema\/logo\/image\/"}}]}},"jetpack_sharing_enabled":true,"_links":{"self":[{"href":"https:\/\/terentv.com\/france\/wp-json\/wp\/v2\/pages\/419","targetHints":{"allow":["GET"]}}],"collection":[{"href":"https:\/\/terentv.com\/france\/wp-json\/wp\/v2\/pages"}],"about":[{"href":"https:\/\/terentv.com\/france\/wp-json\/wp\/v2\/types\/page"}],"author":[{"embeddable":true,"href":"https:\/\/terentv.com\/france\/wp-json\/wp\/v2\/users\/1"}],"replies":[{"embeddable":true,"href":"https:\/\/terentv.com\/france\/wp-json\/wp\/v2\/comments?post=419"}],"version-history":[{"count":7,"href":"https:\/\/terentv.com\/france\/wp-json\/wp\/v2\/pages\/419\/revisions"}],"predecessor-version":[{"id":430,"href":"https:\/\/terentv.com\/france\/wp-json\/wp\/v2\/pages\/419\/revisions\/430"}],"wp:attachment":[{"href":"https:\/\/terentv.com\/france\/wp-json\/wp\/v2\/media?parent=419"}],"curies":[{"name":"wp","href":"https:\/\/api.w.org\/{rel}","templated":true}]}}